{"id":1148,"date":"2018-11-27T09:17:42","date_gmt":"2018-11-27T09:17:42","guid":{"rendered":"https:\/\/mosquera360.com\/index.php\/projects\/"},"modified":"2023-12-07T05:26:07","modified_gmt":"2023-12-07T04:26:07","slug":"projects","status":"publish","type":"page","link":"https:\/\/mosquera360.com\/index.php\/projects\/","title":{"rendered":"Projects"},"content":{"rendered":"\t\t<div data-elementor-type=\"wp-post\" data-elementor-id=\"1148\" class=\"elementor elementor-1148\">\n\t\t\t\t\t\t\t<div class=\"elementor-element elementor-element-36e4911 e-flex e-con-boxed e-con e-parent\" data-id=\"36e4911\" data-element_type=\"container\" data-settings=\"{&quot;background_background&quot;:&quot;classic&quot;,&quot;content_width&quot;:&quot;boxed&quot;}\" data-core-v316-plus=\"true\">\n\t\t\t\t\t<div class=\"e-con-inner\">\n\t\t<div class=\"elementor-element elementor-element-8d332cf e-con-full e-flex e-con e-child\" data-id=\"8d332cf\" data-element_type=\"container\" data-settings=\"{&quot;content_width&quot;:&quot;full&quot;}\">\n\t\t\t\t<div class=\"elementor-element elementor-element-4bf79de elementor-widget elementor-widget-heading\" data-id=\"4bf79de\" data-element_type=\"widget\" data-widget_type=\"heading.default\">\n\t\t\t\t<div class=\"elementor-widget-container\">\n\t\t\t<style>\/*! elementor - v3.17.0 - 01-11-2023 *\/\n.elementor-heading-title{padding:0;margin:0;line-height:1}.elementor-widget-heading .elementor-heading-title[class*=elementor-size-]>a{color:inherit;font-size:inherit;line-height:inherit}.elementor-widget-heading .elementor-heading-title.elementor-size-small{font-size:15px}.elementor-widget-heading .elementor-heading-title.elementor-size-medium{font-size:19px}.elementor-widget-heading .elementor-heading-title.elementor-size-large{font-size:29px}.elementor-widget-heading .elementor-heading-title.elementor-size-xl{font-size:39px}.elementor-widget-heading .elementor-heading-title.elementor-size-xxl{font-size:59px}<\/style><h1 class=\"elementor-heading-title elementor-size-default\">ENTREVISTAS<\/h1>\t\t<\/div>\n\t\t\t\t<\/div>\n\t\t\t\t<\/div>\n\t\t\t\t\t<\/div>\n\t\t\t\t<\/div>\n\t\t<div class=\"elementor-element elementor-element-bf285c9 e-flex e-con-boxed e-con e-parent\" data-id=\"bf285c9\" data-element_type=\"container\" data-settings=\"{&quot;content_width&quot;:&quot;boxed&quot;}\" data-core-v316-plus=\"true\">\n\t\t\t\t\t<div class=\"e-con-inner\">\n\t\t\t\t<div class=\"elementor-element elementor-element-f839a1f elementor-widget elementor-widget-text-editor\" data-id=\"f839a1f\" data-element_type=\"widget\" data-widget_type=\"text-editor.default\">\n\t\t\t\t<div class=\"elementor-widget-container\">\n\t\t\t<style>\/*! elementor - v3.17.0 - 01-11-2023 *\/\n.elementor-widget-text-editor.elementor-drop-cap-view-stacked .elementor-drop-cap{background-color:#69727d;color:#fff}.elementor-widget-text-editor.elementor-drop-cap-view-framed .elementor-drop-cap{color:#69727d;border:3px solid;background-color:transparent}.elementor-widget-text-editor:not(.elementor-drop-cap-view-default) .elementor-drop-cap{margin-top:8px}.elementor-widget-text-editor:not(.elementor-drop-cap-view-default) .elementor-drop-cap-letter{width:1em;height:1em}.elementor-widget-text-editor .elementor-drop-cap{float:left;text-align:center;line-height:1;font-size:50px}.elementor-widget-text-editor .elementor-drop-cap-letter{display:inline-block}<\/style>\t\t\t\t<p><span style=\"font-style: inherit; text-align: var(--text-align);\"><br><\/span><\/p><p><span style=\"font-style: inherit; text-align: var(--text-align);\">Explora las narrativas detr\u00e1s del desarrollo y la inspiraci\u00f3n que ha dado forma a Mosquera a trav\u00e9s de nuestra serie de entrevistas &#8216;Voces de Mosquera&#8217;. Sum\u00e9rgete en conversaciones \u00edntimas con individuos cuyas contribuciones han dejado una marca indeleble en nuestro municipio. Desde l\u00edderes comunitarios hasta artistas visionarios, estas entrevistas ofrecen una mirada \u00fanica a las voces que han moldeado nuestra identidad.<\/span><br><\/p>\n<p>Descubre las experiencias, logros y perspectivas de aquellos que han liderado procesos culturales, sociales y pol\u00edticos en Mosquera. Cada entrevista es una ventana a la diversidad de talento y dedicaci\u00f3n presentes en nuestra comunidad. Acomp\u00e1\u00f1anos en este viaje donde las historias personales se entrelazan con el rico tejido de nuestra historia colectiva. \u00a1Bienvenido a &#8216;Voces de Mosquera&#8217;, donde cada relato es una fuente de inspiraci\u00f3n para el presente y el futuro de nuestro querido municipio!<\/p>\t\t\t\t\t\t<\/div>\n\t\t\t\t<\/div>\n\t\t\t\t\t<\/div>\n\t\t\t\t<\/div>\n\t\t<div class=\"elementor-element elementor-element-78a04ab e-flex e-con-boxed e-con e-parent\" data-id=\"78a04ab\" data-element_type=\"container\" data-settings=\"{&quot;content_width&quot;:&quot;boxed&quot;}\" data-core-v316-plus=\"true\">\n\t\t\t\t\t<div class=\"e-con-inner\">\n\t\t<div class=\"elementor-element elementor-element-3d9b90e e-con-full e-flex e-con e-child\" data-id=\"3d9b90e\" data-element_type=\"container\" data-settings=\"{&quot;content_width&quot;:&quot;full&quot;}\">\n\t\t\t\t<div class=\"elementor-element elementor-element-93e3a6a elementor-widget elementor-widget-audio\" data-id=\"93e3a6a\" data-element_type=\"widget\" data-widget_type=\"audio.default\">\n\t\t\t\t<div class=\"elementor-widget-container\">\n\t\t\t\t\t\t<div class=\"elementor-soundcloud-wrapper\">\n\t\t\t\t<iframe width=\"500\" height=\"400\" frameborder=\"no\" src=\"https:\/\/w.soundcloud.com\/player\/?visual=true&#038;url=https%3A%2F%2Fapi.soundcloud.com%2Ftracks%2F1671412224&#038;show_artwork=false&#038;maxheight=750&#038;maxwidth=500&#038;auto_play=false&#038;buying=false&#038;liking=true&#038;download=false&#038;sharing=true&#038;show_comments=false&#038;show_playcount=false&#038;show_user=false&#038;color\"><\/iframe>\t\t\t<\/div>\n\t\t\t\t\t<\/div>\n\t\t\t\t<\/div>\n\t\t\t\t<\/div>\n\t\t<div class=\"elementor-element elementor-element-9ff0d2c e-con-full e-flex e-con e-child\" data-id=\"9ff0d2c\" data-element_type=\"container\" data-settings=\"{&quot;content_width&quot;:&quot;full&quot;}\">\n\t\t\t\t<div class=\"elementor-element elementor-element-33f7d11 elementor-widget elementor-widget-audio\" data-id=\"33f7d11\" data-element_type=\"widget\" data-widget_type=\"audio.default\">\n\t\t\t\t<div class=\"elementor-widget-container\">\n\t\t\t\t\t\t<div class=\"elementor-soundcloud-wrapper\">\n\t\t\t\t<iframe width=\"500\" height=\"400\" frameborder=\"no\" src=\"https:\/\/w.soundcloud.com\/player\/?visual=true&#038;url=https%3A%2F%2Fapi.soundcloud.com%2Ftracks%2F1671423654&#038;show_artwork=false&#038;maxheight=750&#038;maxwidth=500&#038;auto_play=false&#038;buying=false&#038;liking=true&#038;download=false&#038;sharing=true&#038;show_comments=false&#038;show_playcount=false&#038;show_user=false&#038;color\"><\/iframe>\t\t\t<\/div>\n\t\t\t\t\t<\/div>\n\t\t\t\t<\/div>\n\t\t\t\t<\/div>\n\t\t<div class=\"elementor-element elementor-element-9e440ca e-con-full e-flex e-con e-child\" data-id=\"9e440ca\" data-element_type=\"container\" data-settings=\"{&quot;content_width&quot;:&quot;full&quot;}\">\n\t\t\t\t<div class=\"elementor-element elementor-element-ee35aec elementor-widget elementor-widget-audio\" data-id=\"ee35aec\" data-element_type=\"widget\" data-widget_type=\"audio.default\">\n\t\t\t\t<div class=\"elementor-widget-container\">\n\t\t\t\t\t\t<div class=\"elementor-soundcloud-wrapper\">\n\t\t\t\t<iframe width=\"500\" height=\"400\" frameborder=\"no\" src=\"https:\/\/w.soundcloud.com\/player\/?visual=true&#038;url=https%3A%2F%2Fapi.soundcloud.com%2Ftracks%2F1671432738&#038;show_artwork=false&#038;maxheight=750&#038;maxwidth=500&#038;auto_play=false&#038;buying=false&#038;liking=true&#038;download=false&#038;sharing=true&#038;show_comments=false&#038;show_playcount=false&#038;show_user=false&#038;color\"><\/iframe>\t\t\t<\/div>\n\t\t\t\t\t<\/div>\n\t\t\t\t<\/div>\n\t\t\t\t<\/div>\n\t\t<div class=\"elementor-element elementor-element-fbfb425 e-con-full e-flex e-con e-child\" data-id=\"fbfb425\" data-element_type=\"container\" data-settings=\"{&quot;content_width&quot;:&quot;full&quot;}\">\n\t\t\t\t<div class=\"elementor-element elementor-element-69b62d9 elementor-widget elementor-widget-audio\" data-id=\"69b62d9\" data-element_type=\"widget\" data-widget_type=\"audio.default\">\n\t\t\t\t<div class=\"elementor-widget-container\">\n\t\t\t\t\t\t<div class=\"elementor-soundcloud-wrapper\">\n\t\t\t\t<iframe width=\"500\" height=\"400\" frameborder=\"no\" src=\"https:\/\/w.soundcloud.com\/player\/?visual=true&#038;url=https%3A%2F%2Fapi.soundcloud.com%2Ftracks%2F1671436938&#038;show_artwork=false&#038;maxheight=750&#038;maxwidth=500&#038;auto_play=false&#038;buying=false&#038;liking=true&#038;download=false&#038;sharing=false&#038;show_comments=true&#038;show_playcount=false&#038;show_user=false&#038;color\"><\/iframe>\t\t\t<\/div>\n\t\t\t\t\t<\/div>\n\t\t\t\t<\/div>\n\t\t\t\t<\/div>\n\t\t\t\t\t<\/div>\n\t\t\t\t<\/div>\n\t\t<div class=\"elementor-element elementor-element-19f2788 e-flex e-con-boxed e-con e-parent\" data-id=\"19f2788\" data-element_type=\"container\" data-settings=\"{&quot;content_width&quot;:&quot;boxed&quot;}\" data-core-v316-plus=\"true\">\n\t\t\t\t\t<div class=\"e-con-inner\">\n\t\t<div class=\"elementor-element elementor-element-4558e1d e-con-full e-flex e-con e-child\" data-id=\"4558e1d\" data-element_type=\"container\" data-settings=\"{&quot;content_width&quot;:&quot;full&quot;}\">\n\t\t\t\t<div class=\"elementor-element elementor-element-e4313f2 elementor-widget elementor-widget-text-editor\" data-id=\"e4313f2\" data-element_type=\"widget\" data-widget_type=\"text-editor.default\">\n\t\t\t\t<div class=\"elementor-widget-container\">\n\t\t\t\t\t\t\t<p>Jimmy Calbachi, desempe\u00f1ando el rol de Coordinador de Patrimonio en el municipio de Mosquera, se erige como un apasionado conocedor y experto en el \u00e1mbito territorial. Su destreza no se limita \u00fanicamente a los entresijos de nuestro propio municipio, sino que se extiende a una comprensi\u00f3n profunda de la historia y la riqueza que define a toda nuestra regi\u00f3n.<\/p>\t\t\t\t\t\t<\/div>\n\t\t\t\t<\/div>\n\t\t\t\t<\/div>\n\t\t<div class=\"elementor-element elementor-element-0e08fe6 e-con-full e-flex e-con e-child\" data-id=\"0e08fe6\" data-element_type=\"container\" data-settings=\"{&quot;content_width&quot;:&quot;full&quot;}\">\n\t\t\t\t<div class=\"elementor-element elementor-element-41ea674 elementor-widget elementor-widget-text-editor\" data-id=\"41ea674\" data-element_type=\"widget\" data-widget_type=\"text-editor.default\">\n\t\t\t\t<div class=\"elementor-widget-container\">\n\t\t\t\t\t\t\t<p>Durante m\u00e1s de cinco a\u00f1os, Martha Mej\u00eda ha encabezado los procesos en la Biblioteca P\u00fablica San Juan Bosco. Como testigo y protagonista de significativas transformaciones en este destacado escenario cultural, Martha comparte con nosotros c\u00f3mo han logrado gestar una de las apropiaciones e impactos m\u00e1s notables en el \u00e1mbito cultural del municipio. Un logro excepcional se manifest\u00f3 en una jornada de atenci\u00f3n continua de 24 horas, una iniciativa que marc\u00f3 un hito en el compromiso cultural de la biblioteca con la comunidad.<\/p>\t\t\t\t\t\t<\/div>\n\t\t\t\t<\/div>\n\t\t\t\t<\/div>\n\t\t<div class=\"elementor-element elementor-element-8040fbb e-con-full e-flex e-con e-child\" data-id=\"8040fbb\" data-element_type=\"container\" data-settings=\"{&quot;content_width&quot;:&quot;full&quot;}\">\n\t\t\t\t<div class=\"elementor-element elementor-element-b58a496 elementor-widget elementor-widget-text-editor\" data-id=\"b58a496\" data-element_type=\"widget\" data-widget_type=\"text-editor.default\">\n\t\t\t\t<div class=\"elementor-widget-container\">\n\t\t\t\t\t\t\t<p>Juan Ospina no solo figura como uno de los actuales concejales de nuestro municipio (2020-2023), sino que su trayectoria abarca facetas m\u00e1s all\u00e1 de la pol\u00edtica. Con m\u00e1s de 15 a\u00f1os en la escena local, se distingue como un artista, gestor social y cultural de gran relevancia. Su legado incluye ser el precursor del festival de Rock y Hip-Hop de Mosquera, donde ha dejado una huella perdurable.<\/p><p>Con manos comprometidas, Juan ha sido el art\u00edfice de numerosos sue\u00f1os para decenas de j\u00f3venes. Su labor se ha traducido en espacios de participaci\u00f3n juvenil significativos, como la plataforma de juventudes y el programa inicialmente denominado Mosquera Joven. Su dedicaci\u00f3n no solo se refleja en la esfera cultural, sino tambi\u00e9n en el apoyo concreto a las aspiraciones y proyectos de la juventud local.<\/p>\t\t\t\t\t\t<\/div>\n\t\t\t\t<\/div>\n\t\t\t\t<\/div>\n\t\t<div class=\"elementor-element elementor-element-28e57b3 e-con-full e-flex e-con e-child\" data-id=\"28e57b3\" data-element_type=\"container\" data-settings=\"{&quot;content_width&quot;:&quot;full&quot;}\">\n\t\t\t\t<div class=\"elementor-element elementor-element-afff344 elementor-widget elementor-widget-text-editor\" data-id=\"afff344\" data-element_type=\"widget\" data-widget_type=\"text-editor.default\">\n\t\t\t\t<div class=\"elementor-widget-container\">\n\t\t\t\t\t\t\t<p>Jimmy Calbachi, desempe\u00f1ando el rol de Coordinador de Patrimonio en el municipio de Mosquera, se erige como un apasionado conocedor y experto en el \u00e1mbito territorial. Su destreza no se limita \u00fanicamente a los entresijos de nuestro propio municipio, sino que se extiende a una comprensi\u00f3n profunda de la historia y la riqueza que define a toda nuestra regi\u00f3n.<\/p>\t\t\t\t\t\t<\/div>\n\t\t\t\t<\/div>\n\t\t\t\t<\/div>\n\t\t\t\t\t<\/div>\n\t\t\t\t<\/div>\n\t\t\t\t\t\t\t<\/div>\n\t\t","protected":false},"excerpt":{"rendered":"<p>ENTREVISTAS Explora las narrativas detr\u00e1s del desarrollo y la inspiraci\u00f3n que ha dado forma a Mosquera a trav\u00e9s de nuestra serie de entrevistas &#8216;Voces de Mosquera&#8217;. Sum\u00e9rgete en conversaciones \u00edntimas con individuos cuyas contribuciones han dejado una marca indeleble en nuestro municipio. Desde l\u00edderes comunitarios hasta artistas visionarios, estas entrevistas ofrecen una mirada \u00fanica a &hellip;<\/p>\n<p class=\"read-more\"> <a class=\"\" href=\"https:\/\/mosquera360.com\/index.php\/projects\/\"> <span class=\"screen-reader-text\">Projects<\/span> Leer m\u00e1s &raquo;<\/a><\/p>\n","protected":false},"author":1,"featured_media":0,"parent":0,"menu_order":0,"comment_status":"closed","ping_status":"closed","template":"","meta":{"site-sidebar-layout":"no-sidebar","site-content-layout":"page-builder","ast-site-content-layout":"full-width-container","site-content-style":"unboxed","site-sidebar-style":"unboxed","ast-global-header-display":"","ast-banner-title-visibility":"","ast-main-header-display":"","ast-hfb-above-header-display":"","ast-hfb-below-header-display":"","ast-hfb-mobile-header-display":"","site-post-title":"disabled","ast-breadcrumbs-content":"","ast-featured-img":"disabled","footer-sml-layout":"","theme-transparent-header-meta":"enabled","adv-header-id-meta":"","stick-header-meta":"","header-above-stick-meta":"","header-main-stick-meta":"","header-below-stick-meta":"","astra-migrate-meta-layouts":"set","ast-page-background-enabled":"default","ast-page-background-meta":{"desktop":{"background-color":"","background-image":"","background-repeat":"repeat","background-position":"center center","background-size":"auto","background-attachment":"scroll","background-type":"","background-media":"","overlay-type":"","overlay-color":"","overlay-gradient":""},"tablet":{"background-color":"","background-image":"","background-repeat":"repeat","background-position":"center center","background-size":"auto","background-attachment":"scroll","background-type":"","background-media":"","overlay-type":"","overlay-color":"","overlay-gradient":""},"mobile":{"background-color":"","background-image":"","background-repeat":"repeat","background-position":"center center","background-size":"auto","background-attachment":"scroll","background-type":"","background-media":"","overlay-type":"","overlay-color":"","overlay-gradient":""}},"ast-content-background-meta":{"desktop":{"background-color":"var(--ast-global-color-5)","background-image":"","background-repeat":"repeat","background-position":"center center","background-size":"auto","background-attachment":"scroll","background-type":"","background-media":"","overlay-type":"","overlay-color":"","overlay-gradient":""},"tablet":{"background-color":"var(--ast-global-color-5)","background-image":"","background-repeat":"repeat","background-position":"center center","background-size":"auto","background-attachment":"scroll","background-type":"","background-media":"","overlay-type":"","overlay-color":"","overlay-gradient":""},"mobile":{"background-color":"var(--ast-global-color-5)","background-image":"","background-repeat":"repeat","background-position":"center center","background-size":"auto","background-attachment":"scroll","background-type":"","background-media":"","overlay-type":"","overlay-color":"","overlay-gradient":""}},"footnotes":""},"_links":{"self":[{"href":"https:\/\/mosquera360.com\/index.php\/wp-json\/wp\/v2\/pages\/1148"}],"collection":[{"href":"https:\/\/mosquera360.com\/index.php\/wp-json\/wp\/v2\/pages"}],"about":[{"href":"https:\/\/mosquera360.com\/index.php\/wp-json\/wp\/v2\/types\/page"}],"author":[{"embeddable":true,"href":"https:\/\/mosquera360.com\/index.php\/wp-json\/wp\/v2\/users\/1"}],"replies":[{"embeddable":true,"href":"https:\/\/mosquera360.com\/index.php\/wp-json\/wp\/v2\/comments?post=1148"}],"version-history":[{"count":37,"href":"https:\/\/mosquera360.com\/index.php\/wp-json\/wp\/v2\/pages\/1148\/revisions"}],"predecessor-version":[{"id":1639,"href":"https:\/\/mosquera360.com\/index.php\/wp-json\/wp\/v2\/pages\/1148\/revisions\/1639"}],"wp:attachment":[{"href":"https:\/\/mosquera360.com\/index.php\/wp-json\/wp\/v2\/media?parent=1148"}],"curies":[{"name":"wp","href":"https:\/\/api.w.org\/{rel}","templated":true}]}}